{"id":374,"date":"2022-02-17T11:47:52","date_gmt":"2022-02-17T11:47:52","guid":{"rendered":"https:\/\/casinocezar.com.hr\/index.php\/testimonial\/"},"modified":"2026-04-01T07:33:20","modified_gmt":"2026-04-01T07:33:20","slug":"nagradnaigra2026","status":"publish","type":"page","link":"https:\/\/casinocezar.com.hr\/index.php\/nagradnaigra2026\/","title":{"rendered":"Nagradna igra 2026."},"content":{"rendered":"<p>&nbsp;<\/p>\n<p>&nbsp;<\/p>\n<p>&nbsp;<\/p>\n<p>&nbsp;<\/p>\n<p>NAGRADNA IGRA 2026<\/p>\n<p>&nbsp;<\/p>\n<p data-start=\"66\" data-end=\"145\"><strong data-start=\"66\" data-end=\"81\">BRUT d.o.o.<\/strong><br data-start=\"81\" data-end=\"84\" \/>R. Kon\u010dara 1<br data-start=\"96\" data-end=\"99\" \/>52440 Pore\u010d<br data-start=\"110\" data-end=\"113\" \/>MB: 1450026<br data-start=\"124\" data-end=\"127\" \/>OIB: 70572040646<\/p>\n<p data-start=\"147\" data-end=\"205\">KLASA: UP\/I-460-02\/26-01\/158<br data-start=\"175\" data-end=\"178\" \/>URBROJ: 513-07-21-01-26-2<\/p>\n<p data-start=\"207\" data-end=\"310\"><strong data-start=\"207\" data-end=\"233\">MINISTARSTVO FINANCIJA<\/strong><br data-start=\"233\" data-end=\"236\" \/>Porezna uprava \u2013 Sredi\u0161nji ured<br data-start=\"267\" data-end=\"270\" \/>Slu\u017eba za igre na sre\u0107u i zabavne igre<\/p>\n<p data-start=\"312\" data-end=\"526\">Na temelju \u010dlanka 69. Zakona o igrama na sre\u0107u (Narodne novine br. 87\/09) i \u010dlanka 6. stavka 1. Pravilnika o prire\u0111ivanju nagradnih igara (Narodne novine br. 8\/10) Brut d.o.o., Pore\u010d, R. Kon\u010dara 1, donosi sljede\u0107a:<\/p>\n<h1 data-section-id=\"sexd7e\" data-start=\"528\" data-end=\"551\">PRAVILA NAGRADNE IGRE<\/h1>\n<h3 data-section-id=\"6ukijg\" data-start=\"553\" data-end=\"566\">\u010clanak 1.<\/h3>\n<p data-start=\"567\" data-end=\"712\">Dru\u0161tvo sa ograni\u010denom odgovorno\u0161\u0107u Brut d.o.o., Pore\u010d, R. Kon\u010dara 1, OIB: 70572040646, prire\u0111uje nagradnu igru po pravilima Brut-a d.o.o. Pore\u010d.<\/p>\n<h3 data-section-id=\"6ukikf\" data-start=\"714\" data-end=\"727\">\u010clanak 2.<\/h3>\n<p data-start=\"728\" data-end=\"830\">Svrha nagradne igre je ostvarivanje promid\u017ebenog u\u010dinka za automat klubove i casino Brut d.o.o. Pore\u010d.<\/p>\n<h3 data-section-id=\"6ukihq\" data-start=\"832\" data-end=\"845\">\u010clanak 3.<\/h3>\n<p data-start=\"846\" data-end=\"927\">Nagradna igra zapo\u010dinje 08.04.2026. u 07:00 i traje do 12.12.2026. do 19:00 sati.<\/p>\n<h3 data-section-id=\"6ukipl\" data-start=\"929\" data-end=\"942\">\u010clanak 4.<\/h3>\n<p data-start=\"943\" data-end=\"1159\">Glavno izvla\u010denje odr\u017eat \u0107e se u casinu \u201cCezar\u201d Hotel Pore\u010d u Pore\u010du dana 12.12.2026. u 21:00 sat u prisustvu javnog bilje\u017enika i tro\u010dlanog povjerenstva prire\u0111iva\u010da. Za vrijeme izvla\u010denja komisija \u0107e voditi zapisnik.<\/p>\n<h3 data-section-id=\"6ukimw\" data-start=\"1161\" data-end=\"1174\">\u010clanak 5.<\/h3>\n<p data-start=\"1175\" data-end=\"1194\">Nagrade za dodjelu:<\/p>\n<ol data-start=\"1196\" data-end=\"1358\">\n<li data-section-id=\"1be770y\" data-start=\"1196\" data-end=\"1255\">nagrada: Automobil Mercedes-Benz C-klasa \u2013 47.083,90 \u20ac<\/li>\n<li data-section-id=\"zr5g2e\" data-start=\"1256\" data-end=\"1304\">nagrada: Moped Piaggio Liberty \u2013 2.499,00 \u20ac<\/li>\n<li data-section-id=\"xngb6q\" data-start=\"1305\" data-end=\"1358\">nagrada: Televizor Samsung FRAME TV \u2013 1.049,00 \u20ac<\/li>\n<\/ol>\n<p data-start=\"1360\" data-end=\"1437\">Sveukupni fond nagradne igre: 50.613,90 \u20ac<br data-start=\"1401\" data-end=\"1404\" \/>Nagrade nisu zamjenjive za novac.<\/p>\n<h3 data-section-id=\"6ukinv\" data-start=\"1439\" data-end=\"1452\">\u010clanak 6.<\/h3>\n<p data-start=\"1453\" data-end=\"1675\">U nagradnoj igri mogu sudjelovati svi posjetitelji automat klubova Brut-a d.o.o. i posjetitelji casina \u201cCezar\u201d Hotel Pore\u010d, Pore\u010d \u2013 R. Kon\u010dara 1, koji su prisutni na izvla\u010denju i posjeduju va\u017ee\u0107i identifikacijski dokument.<\/p>\n<p data-start=\"1677\" data-end=\"1705\">Automat klubovi su sljede\u0107i:<\/p>\n<ol data-start=\"1706\" data-end=\"2038\">\n<li data-section-id=\"cbkraf\" data-start=\"1706\" data-end=\"1760\">Automat klub \u201cCezar\u201d Umag, Obala J. Broza 5, Umag<\/li>\n<li data-section-id=\"14yqfdb\" data-start=\"1761\" data-end=\"1823\">Automat klub \u201cCezar\u201d Novigrad, Gradska Vrata 24, Novigrad<\/li>\n<li data-section-id=\"nhgqce\" data-start=\"1824\" data-end=\"1878\">Automat klub \u201cCezar\u201d Pazin, Trg Slobode 1c, Pazin<\/li>\n<li data-section-id=\"fjg00d\" data-start=\"1879\" data-end=\"1929\">Automat klub \u201cCezar\u201d Pula, Zagreba\u010dka 4, Pula<\/li>\n<li data-section-id=\"7cae1c\" data-start=\"1930\" data-end=\"1982\">Automat klub \u201cCezar\u201d Zagreb, Turinina 5, Zagreb<\/li>\n<li data-section-id=\"18nj8xn\" data-start=\"1983\" data-end=\"2038\">Automat klub \u201cCezar\u201d Rovinj, G. Palia ge 1, Rovinj<\/li>\n<\/ol>\n<p data-start=\"2040\" data-end=\"2136\">U nagradnoj igri ne mogu sudjelovati zaposlenici Brut-a d.o.o. kao ni \u010dlanovi njihovih obitelji.<\/p>\n<h3 data-section-id=\"6ukil6\" data-start=\"2138\" data-end=\"2151\">\u010clanak 7.<\/h3>\n<p data-start=\"2152\" data-end=\"2228\">Uvjeti za sudjelovanje u nagradnoj igri, odnosno dobivanje nagradnog kupona:<\/p>\n<ol data-start=\"2230\" data-end=\"2788\">\n<li data-section-id=\"1fe9wxj\" data-start=\"2230\" data-end=\"2398\">Igra\u010d \u0107e ostvariti pravo na jedan kupon dnevno ako uplati minimalno 10 \u20ac na bilo koji aparat za igre na sre\u0107u ili prilikom kupnje \u017eetona na blagajni za isti iznos.<\/li>\n<li data-section-id=\"rmapx0\" data-start=\"2399\" data-end=\"2788\">Prilikom ostvarivanja prava igra\u010da na dnevni nagradni kupon osoblje u automat klubu dodijelit \u0107e nagradne kupone koji \u0107e se sastojati od dva dijela, na kojima \u0107e biti naveden isti serijski broj, od kojih \u0107e igra\u010d jedan dio kupona popuniti osobnim podacima (ime i prezime) te staviti u posebno vidljiv i transparentan bubanj dok drugi dio ostaje osoblju radi kontrole do dana izvla\u010denja.<\/li>\n<\/ol>\n<h3 data-section-id=\"6ukit1\" data-start=\"2790\" data-end=\"2803\">\u010clanak 8.<\/h3>\n<p data-start=\"2804\" data-end=\"2914\">Jedan sudionik u nagradnoj igri ne mo\u017ee ostvariti pravo na dobivanje vi\u0161e od jedne nagrade u nagradnoj igri.<\/p>\n<p data-start=\"2916\" data-end=\"3136\">Pravo na osvajanje nagrada imaju sudionici koji su prisutni na izvla\u010denju nagrada dana 12.12.2026. u 21:00 sat te kod sebe imaju va\u017ee\u0107i identifikacijski dokument (osobna iskaznica ili putovnica) radi provjere identiteta.<\/p>\n<h3 data-section-id=\"6ukiqc\" data-start=\"3138\" data-end=\"3151\">\u010clanak 9.<\/h3>\n<p data-start=\"3152\" data-end=\"3257\">Rok za podizanje nagrade je 30 dana od dana izvla\u010denja uz predo\u010denje va\u017ee\u0107eg identifikacijskog dokumenta.<\/p>\n<h3 data-section-id=\"cxgt9o\" data-start=\"3259\" data-end=\"3273\">\u010clanak 10.<\/h3>\n<p data-start=\"3274\" data-end=\"3419\">Imena dobitnika \u0107e biti objavljena u elektroni\u010dkom mediju <a class=\"decorated-link cursor-pointer\" target=\"_new\" rel=\"noopener\" data-start=\"3332\" data-end=\"3354\">www.casinocezar.com.hr<\/a> i u prostorijama automat klubova i casina Brut-a d.o.o. Pore\u010d.<\/p>\n<p data-start=\"3421\" data-end=\"3550\">Brut d.o.o. se obvezuje da \u0107e u roku od 8 dana od dodjele nagrade Ministarstvu financija dostaviti podatke o dobitnicima nagrada.<\/p>\n<h3 data-section-id=\"cxgt8t\" data-start=\"3552\" data-end=\"3566\">\u010clanak 11.<\/h3>\n<p data-start=\"3567\" data-end=\"3658\">Preuzimanjem nagrade prestaju sve daljnje obveze prire\u0111iva\u010da nagradne igre prema dobitniku.<\/p>\n<h3 data-section-id=\"cxgt7y\" data-start=\"3660\" data-end=\"3674\">\u010clanak 12.<\/h3>\n<p data-start=\"3675\" data-end=\"3970\">Nagradna igra mo\u017ee se prekinuti samo u slu\u010daju da nastupe okolnosti za koje prire\u0111iva\u010d nije odgovoran, odnosno koje nije mogao sprije\u010diti, otkloniti ili izbje\u0107i. Sudionici \u0107e o prekidu nagradne igre biti obavije\u0161teni u elektroni\u010dkom mediju i u prostorijama automat klubova i casina Brut-a d.o.o.<\/p>\n<h3 data-section-id=\"cxgt73\" data-start=\"3972\" data-end=\"3986\">\u010clanak 13.<\/h3>\n<p data-start=\"3987\" data-end=\"4246\">Sudionik koji sudjeluje u nagradnoj igri prihva\u0107a prava i obveze iz ovih Pravila. Pravila nagradne igre po\u010dinju vrijediti nakon dobivenog odobrenja Ministarstva financija i njihove objave u elektroni\u010dkom ili drugom javnom mediju i vrijede do objave zavr\u0161etka.<\/p>\n<h3 data-section-id=\"cxgtd4\" data-start=\"4248\" data-end=\"4262\">\u010clanak 14.<\/h3>\n<p data-start=\"4263\" data-end=\"4362\">U slu\u010daju spora izme\u0111u prire\u0111iva\u010da i sudionika ove nagradne igre nadle\u017ean je Op\u0107inski sud u Pore\u010du.<\/p>\n<p data-start=\"4364\" data-end=\"4382\">Pore\u010d, 23.03.2026.<\/p>\n<p data-start=\"4384\" data-end=\"4408\">Direktor:<br data-start=\"4393\" data-end=\"4396\" \/>Marin Dula<\/p>\n<p><strong>\u00a0<\/strong><\/p>\n","protected":false},"excerpt":{"rendered":"<p>&nbsp; &nbsp; &nbsp; &nbsp; NAGRADNA IGRA 2026 &nbsp; BRUT d.o.o.R. Kon\u010dara 152440 Pore\u010dMB: 1450026OIB: 70572040646 KLASA: UP\/I-460-02\/26-01\/158URBROJ: 513-07-21-01-26-2 MINISTARSTVO FINANCIJAPorezna uprava \u2013 Sredi\u0161nji uredSlu\u017eba za igre na sre\u0107u i zabavne igre Na temelju \u010dlanka 69. Zakona o igrama na sre\u0107u (Narodne novine br. 87\/09) i \u010dlanka 6. stavka 1. Pravilnika o prire\u0111ivanju nagradnih igara (Narodne &hellip;<\/p>\n<p class=\"read-more\"> <a class=\"\" href=\"https:\/\/casinocezar.com.hr\/index.php\/nagradnaigra2026\/\"> <span class=\"screen-reader-text\">Nagradna igra 2026.<\/span> Read More &raquo;<\/a><\/p>\n","protected":false},"author":1,"featured_media":0,"parent":0,"menu_order":0,"comment_status":"closed","ping_status":"closed","template":"","meta":{"_uag_custom_page_level_css":"","site-sidebar-layout":"no-sidebar","site-content-layout":"plain-container","ast-global-header-display":"","ast-main-header-display":"","ast-hfb-above-header-display":"","ast-hfb-below-header-display":"","ast-hfb-mobile-header-display":"","site-post-title":"disabled","ast-breadcrumbs-content":"","ast-featured-img":"disabled","footer-sml-layout":"","theme-transparent-header-meta":"enabled","adv-header-id-meta":"","stick-header-meta":"","header-above-stick-meta":"","header-main-stick-meta":"","header-below-stick-meta":"","footnotes":""},"class_list":["post-374","page","type-page","status-publish","hentry"],"uagb_featured_image_src":{"full":false,"thumbnail":false,"medium":false,"medium_large":false,"large":false,"1536x1536":false,"2048x2048":false},"uagb_author_info":{"display_name":"admin","author_link":"https:\/\/casinocezar.com.hr\/index.php\/author\/admin\/"},"uagb_comment_info":0,"uagb_excerpt":"&nbsp; &nbsp; &nbsp; &nbsp; NAGRADNA IGRA 2026 &nbsp; BRUT d.o.o.R. Kon\u010dara 152440 Pore\u010dMB: 1450026OIB: 70572040646 KLASA: UP\/I-460-02\/26-01\/158URBROJ: 513-07-21-01-26-2 MINISTARSTVO FINANCIJAPorezna uprava \u2013 Sredi\u0161nji uredSlu\u017eba za igre na sre\u0107u i zabavne igre Na temelju \u010dlanka 69. Zakona o igrama na sre\u0107u (Narodne novine br. 87\/09) i \u010dlanka 6. stavka 1. Pravilnika o prire\u0111ivanju nagradnih igara (Narodne&hellip;","_links":{"self":[{"href":"https:\/\/casinocezar.com.hr\/index.php\/wp-json\/wp\/v2\/pages\/374","targetHints":{"allow":["GET"]}}],"collection":[{"href":"https:\/\/casinocezar.com.hr\/index.php\/wp-json\/wp\/v2\/pages"}],"about":[{"href":"https:\/\/casinocezar.com.hr\/index.php\/wp-json\/wp\/v2\/types\/page"}],"author":[{"embeddable":true,"href":"https:\/\/casinocezar.com.hr\/index.php\/wp-json\/wp\/v2\/users\/1"}],"replies":[{"embeddable":true,"href":"https:\/\/casinocezar.com.hr\/index.php\/wp-json\/wp\/v2\/comments?post=374"}],"version-history":[{"count":15,"href":"https:\/\/casinocezar.com.hr\/index.php\/wp-json\/wp\/v2\/pages\/374\/revisions"}],"predecessor-version":[{"id":1753,"href":"https:\/\/casinocezar.com.hr\/index.php\/wp-json\/wp\/v2\/pages\/374\/revisions\/1753"}],"wp:attachment":[{"href":"https:\/\/casinocezar.com.hr\/index.php\/wp-json\/wp\/v2\/media?parent=374"}],"curies":[{"name":"wp","href":"https:\/\/api.w.org\/{rel}","templated":true}]}}