{"id":368,"date":"2022-02-17T11:46:46","date_gmt":"2022-02-17T11:46:46","guid":{"rendered":"https:\/\/casinocezar.com.hr\/index.php\/about-us\/"},"modified":"2023-05-02T07:37:27","modified_gmt":"2023-05-02T07:37:27","slug":"about-us","status":"publish","type":"page","link":"https:\/\/casinocezar.com.hr\/index.php\/about-us\/","title":{"rendered":"O nama"},"content":{"rendered":"\r\n<div class=\"wp-block-uagb-container uagb-block-b0c210fa alignfull uagb-is-root-container\">\r\n<div class=\"uagb-container-inner-blocks-wrap\">\r\n<div class=\"wp-block-uagb-info-box uagb-block-33c38f7e uagb-infobox__content-wrap  uagb-infobox-icon-above-title uagb-infobox-image-valign-top\">\r\n<div class=\"uagb-ifb-content\">\r\n<h1 class=\"uagb-ifb-title-wrap\">O nama<\/h1>\r\n<\/div>\r\n<\/div>\r\n<\/div>\r\n<\/div>\r\n<p>&nbsp;<\/p>\r\n<p><strong>Po\u0161tovani posjetitelji, pozivamo vas da nas posjetite u atraktivnom prostoru Casino Cezar Hotel Pore\u010d, gdje se mo\u017eete zabaviti uz American roulette, Texas Hold&#8217;em Poker, Slot aparate, BlackJack i jo\u0161 mnogo vi\u0161e. U bilo koje doba dana ili no\u0107i, Casino Cezar otvoren je non-stop 0-24.<\/strong><\/p>\r\n\r\n\r\n\r\n<div class=\"wp-block-uagb-container uagb-block-ac44bed4 alignfull uagb-is-root-container\">\r\n<div class=\"uagb-container-inner-blocks-wrap\">\r\n<div class=\"wp-block-uagb-container uagb-block-c91b8643\">\r\n<div class=\"wp-block-uagb-advanced-heading uagb-block-f79bfb0f\">\u00a0<\/div>\r\n<\/div>\r\n<\/div>\r\n<\/div>\r\n<div class=\"wp-block-uagb-container uagb-block-eccff2fc alignfull uagb-is-root-container\">\r\n<div class=\"uagb-container-inner-blocks-wrap\">\r\n<div class=\"wp-block-uagb-container uagb-block-f323c3cb\">\r\n<div class=\"wp-block-uagb-team uagb-team__image-position-above uagb-team__align-center uagb-team__stack-tablet uagb-block-45e2ab6a\">\r\n<div class=\"uagb-team__content\">\r\n<p>&nbsp;<\/p>\r\n<\/div>\r\n<\/div>\r\n<\/div>\r\n<\/div>\r\n<\/div>\r\n","protected":false},"excerpt":{"rendered":"","protected":false},"author":1,"featured_media":0,"parent":0,"menu_order":0,"comment_status":"closed","ping_status":"closed","template":"","meta":{"_uag_custom_page_level_css":"","site-sidebar-layout":"no-sidebar","site-content-layout":"plain-container","ast-global-header-display":"","ast-main-header-display":"","ast-hfb-above-header-display":"","ast-hfb-below-header-display":"","ast-hfb-mobile-header-display":"","site-post-title":"disabled","ast-breadcrumbs-content":"","ast-featured-img":"disabled","footer-sml-layout":"","theme-transparent-header-meta":"enabled","adv-header-id-meta":"","stick-header-meta":"","header-above-stick-meta":"","header-main-stick-meta":"","header-below-stick-meta":"","footnotes":""},"class_list":["post-368","page","type-page","status-publish","hentry"],"uagb_featured_image_src":{"full":false,"thumbnail":false,"medium":false,"medium_large":false,"large":false,"1536x1536":false,"2048x2048":false},"uagb_author_info":{"display_name":"admin","author_link":"https:\/\/casinocezar.com.hr\/index.php\/author\/admin\/"},"uagb_comment_info":0,"uagb_excerpt":null,"_links":{"self":[{"href":"https:\/\/casinocezar.com.hr\/index.php\/wp-json\/wp\/v2\/pages\/368","targetHints":{"allow":["GET"]}}],"collection":[{"href":"https:\/\/casinocezar.com.hr\/index.php\/wp-json\/wp\/v2\/pages"}],"about":[{"href":"https:\/\/casinocezar.com.hr\/index.php\/wp-json\/wp\/v2\/types\/page"}],"author":[{"embeddable":true,"href":"https:\/\/casinocezar.com.hr\/index.php\/wp-json\/wp\/v2\/users\/1"}],"replies":[{"embeddable":true,"href":"https:\/\/casinocezar.com.hr\/index.php\/wp-json\/wp\/v2\/comments?post=368"}],"version-history":[{"count":9,"href":"https:\/\/casinocezar.com.hr\/index.php\/wp-json\/wp\/v2\/pages\/368\/revisions"}],"predecessor-version":[{"id":1736,"href":"https:\/\/casinocezar.com.hr\/index.php\/wp-json\/wp\/v2\/pages\/368\/revisions\/1736"}],"wp:attachment":[{"href":"https:\/\/casinocezar.com.hr\/index.php\/wp-json\/wp\/v2\/media?parent=368"}],"curies":[{"name":"wp","href":"https:\/\/api.w.org\/{rel}","templated":true}]}}