{"id":366,"date":"2022-02-17T11:46:24","date_gmt":"2022-02-17T11:46:24","guid":{"rendered":"https:\/\/casinocezar.com.hr\/index.php\/home\/"},"modified":"2023-05-02T07:18:37","modified_gmt":"2023-05-02T07:18:37","slug":"home","status":"publish","type":"page","link":"https:\/\/casinocezar.com.hr\/","title":{"rendered":"Po\u010detna"},"content":{"rendered":"\r\n<div class=\"wp-block-uagb-container uagb-block-09e57f9e alignfull uagb-is-root-container\">\r\n<div class=\"uagb-container-inner-blocks-wrap\">\r\n<div class=\"wp-block-uagb-info-box uagb-block-adf23bff uagb-infobox__content-wrap  uagb-infobox-icon-above-title uagb-infobox-image-valign-top\">\r\n<div class=\"uagb-ifb-content\">\r\n<div class=\"uagb-ifb-title-wrap\">Dobra igra, dobri dobitci<br \/>\r\n<h1 class=\"uagb-ifb-title\">CASINO CEZAR HOTEL PORE\u010c<\/h1>\r\n<\/div>\r\n<p class=\"uagb-ifb-desc\">POSJETITE NAS, MO\u017dDA BA\u0160 VI OSVOJITE NAGRADNU IGRU!<\/p>\r\n<div class=\"uagb-ifb-separator\">\u00a0<\/div>\r\n<\/div>\r\n<\/div>\r\n\r\n\r\n\r\n<div class=\"wp-block-uagb-icon-list uagb-block-9403576b\">\r\n<div class=\"uagb-icon-list__wrap\">\r\n<div class=\"wp-block-uagb-icon-list-child uagb-block-b4f9270e\"><span class=\"uagb-icon-list__label\">SCROLL DOWN<\/span><\/div>\r\n<\/div>\r\n<\/div>\r\n<\/div>\r\n<\/div>\r\n\r\n\r\n\r\n<div class=\"wp-block-uagb-container uagb-block-2b2e2abf alignfull uagb-is-root-container\">\r\n<div class=\"uagb-container-inner-blocks-wrap\">\r\n<div class=\"wp-block-uagb-container uagb-block-30a9ba27\">\r\n<div class=\"wp-block-uagb-info-box uagb-block-81f3449e uagb-infobox__content-wrap  uagb-infobox-icon-above-title uagb-infobox-image-valign-top\">\r\n<div class=\"uagb-ifb-content\">\r\n<div class=\"uagb-ifb-title-wrap\">\r\n<h2 class=\"uagb-ifb-title\">Otkrijte vi\u0161e o na\u0161oj nagradnoj igri, mo\u017eda ba\u0161 vi osvojite prvu nagradu<span style=\"font-size: 16px;\">.\u00a0<\/span><\/h2>\r\n<h3><strong><a href=\"https:\/\/casinocezar.com.hr\/index.php\/nagradnaigra2023\/\">Vi\u0161e o nagradnoj igri!<\/a><\/strong><\/h3>\r\n<\/div>\r\n<\/div>\r\n<\/div>\r\n\r\n\r\n\r\n<div class=\"wp-block-uagb-info-box uagb-block-bb1959e6 uagb-infobox__content-wrap  uagb-infobox-icon-above-title uagb-infobox-image-valign-top\">\r\n<div class=\"uagb-ifb-content\">\u00a0<\/div>\r\n<\/div>\r\n<\/div>\r\n<\/div>\r\n<\/div>\r\n<div class=\"wp-block-uagb-container uagb-block-2d7fe2ce alignfull uagb-is-root-container\">\r\n<div class=\"uagb-container-inner-blocks-wrap\">\r\n<div class=\"wp-block-uagb-info-box uagb-block-682f1a09 uagb-infobox__content-wrap  uagb-infobox-icon-above-title uagb-infobox-image-valign-top\">\r\n<div class=\"uagb-ifb-content\">\r\n<div class=\"uagb-ifb-title-wrap\">\r\n<h2 class=\"uagb-ifb-title\">\u00a0<\/h2>\r\n<\/div>\r\n<\/div>\r\n<\/div>\r\n<\/div>\r\n<\/div>\r\n","protected":false},"excerpt":{"rendered":"","protected":false},"author":1,"featured_media":0,"parent":0,"menu_order":0,"comment_status":"closed","ping_status":"closed","template":"","meta":{"_uag_custom_page_level_css":"","site-sidebar-layout":"no-sidebar","site-content-layout":"plain-container","ast-global-header-display":"","ast-main-header-display":"","ast-hfb-above-header-display":"","ast-hfb-below-header-display":"","ast-hfb-mobile-header-display":"","site-post-title":"disabled","ast-breadcrumbs-content":"","ast-featured-img":"disabled","footer-sml-layout":"","theme-transparent-header-meta":"enabled","adv-header-id-meta":"","stick-header-meta":"","header-above-stick-meta":"","header-main-stick-meta":"","header-below-stick-meta":"","footnotes":""},"class_list":["post-366","page","type-page","status-publish","hentry"],"uagb_featured_image_src":{"full":false,"thumbnail":false,"medium":false,"medium_large":false,"large":false,"1536x1536":false,"2048x2048":false},"uagb_author_info":{"display_name":"admin","author_link":"https:\/\/casinocezar.com.hr\/index.php\/author\/admin\/"},"uagb_comment_info":0,"uagb_excerpt":null,"_links":{"self":[{"href":"https:\/\/casinocezar.com.hr\/index.php\/wp-json\/wp\/v2\/pages\/366","targetHints":{"allow":["GET"]}}],"collection":[{"href":"https:\/\/casinocezar.com.hr\/index.php\/wp-json\/wp\/v2\/pages"}],"about":[{"href":"https:\/\/casinocezar.com.hr\/index.php\/wp-json\/wp\/v2\/types\/page"}],"author":[{"embeddable":true,"href":"https:\/\/casinocezar.com.hr\/index.php\/wp-json\/wp\/v2\/users\/1"}],"replies":[{"embeddable":true,"href":"https:\/\/casinocezar.com.hr\/index.php\/wp-json\/wp\/v2\/comments?post=366"}],"version-history":[{"count":5,"href":"https:\/\/casinocezar.com.hr\/index.php\/wp-json\/wp\/v2\/pages\/366\/revisions"}],"predecessor-version":[{"id":1728,"href":"https:\/\/casinocezar.com.hr\/index.php\/wp-json\/wp\/v2\/pages\/366\/revisions\/1728"}],"wp:attachment":[{"href":"https:\/\/casinocezar.com.hr\/index.php\/wp-json\/wp\/v2\/media?parent=366"}],"curies":[{"name":"wp","href":"https:\/\/api.w.org\/{rel}","templated":true}]}}